{"id":21824,"date":"2023-11-06T15:41:08","date_gmt":"2023-11-06T14:41:08","guid":{"rendered":"https:\/\/mitawatertechnologies.com\/applications\/phases-de-traitement\/primary-treatments\/"},"modified":"2023-12-18T10:47:54","modified_gmt":"2023-12-18T09:47:54","slug":"traitements-primaires","status":"publish","type":"page","link":"https:\/\/mitawatertechnologies.com\/fr\/traitements-primaires\/","title":{"rendered":"Traitements primaires"},"content":{"rendered":"","protected":false},"excerpt":{"rendered":"","protected":false},"author":11,"featured_media":21803,"parent":0,"menu_order":120,"comment_status":"closed","ping_status":"closed","template":"","meta":{"_acf_changed":false,"inline_featured_image":false,"footnotes":""},"class_list":["post-21824","page","type-page","status-publish","has-post-thumbnail","hentry"],"acf":[],"yoast_head":"<!-- This site is optimized with the Yoast SEO plugin v27.0 - https:\/\/yoast.com\/product\/yoast-seo-wordpress\/ -->\n<title>Traitements primaires - MITA Water Technologies<\/title>\n<meta name=\"description\" content=\"Les traitements primaires (tels que le dessablage, le d\u00e9shuilage et la d\u00e9cantation) sont charg\u00e9s d&#039;\u00e9liminer les \u00e9l\u00e9ments &quot;grossiers&quot; de l&#039;effluent.\" \/>\n<meta name=\"robots\" content=\"index, follow, max-snippet:-1, max-image-preview:large, max-video-preview:-1\" \/>\n<link rel=\"canonical\" href=\"https:\/\/mitawatertechnologies.com\/fr\/traitements-primaires\/\" \/>\n<meta property=\"og:locale\" content=\"fr_FR\" \/>\n<meta property=\"og:type\" content=\"article\" \/>\n<meta property=\"og:title\" content=\"Traitements primaires - MITA Water Technologies\" \/>\n<meta property=\"og:description\" content=\"Les traitements primaires (tels que le dessablage, le d\u00e9shuilage et la d\u00e9cantation) sont charg\u00e9s d&#039;\u00e9liminer les \u00e9l\u00e9ments &quot;grossiers&quot; de l&#039;effluent.\" \/>\n<meta property=\"og:url\" content=\"https:\/\/mitawatertechnologies.com\/fr\/traitements-primaires\/\" \/>\n<meta property=\"og:site_name\" content=\"MITA Water Technologies\" \/>\n<meta property=\"article:modified_time\" content=\"2023-12-18T09:47:54+00:00\" \/>\n<meta property=\"og:image\" content=\"https:\/\/mitawatertechnologies.com\/wp-content\/uploads\/2023\/11\/Trattamenti-Primari-Acque-Reflue.jpg\" \/>\n\t<meta property=\"og:image:width\" content=\"1920\" \/>\n\t<meta property=\"og:image:height\" content=\"1080\" \/>\n\t<meta property=\"og:image:type\" content=\"image\/jpeg\" \/>\n<meta name=\"twitter:card\" content=\"summary_large_image\" \/>\n<script type=\"application\/ld+json\" class=\"yoast-schema-graph\">{\"@context\":\"https:\/\/schema.org\",\"@graph\":[{\"@type\":\"WebPage\",\"@id\":\"https:\/\/mitawatertechnologies.com\/fr\/traitements-primaires\/\",\"url\":\"https:\/\/mitawatertechnologies.com\/fr\/traitements-primaires\/\",\"name\":\"Traitements primaires - MITA Water Technologies\",\"isPartOf\":{\"@id\":\"https:\/\/mitawatertechnologies.com\/fr\/#website\"},\"primaryImageOfPage\":{\"@id\":\"https:\/\/mitawatertechnologies.com\/fr\/traitements-primaires\/#primaryimage\"},\"image\":{\"@id\":\"https:\/\/mitawatertechnologies.com\/fr\/traitements-primaires\/#primaryimage\"},\"thumbnailUrl\":\"https:\/\/mitawatertechnologies.com\/wp-content\/uploads\/2023\/11\/Trattamenti-Primari-Acque-Reflue.jpg\",\"datePublished\":\"2023-11-06T14:41:08+00:00\",\"dateModified\":\"2023-12-18T09:47:54+00:00\",\"description\":\"Les traitements primaires (tels que le dessablage, le d\u00e9shuilage et la d\u00e9cantation) sont charg\u00e9s d'\u00e9liminer les \u00e9l\u00e9ments \\\"grossiers\\\" de l'effluent.\",\"breadcrumb\":{\"@id\":\"https:\/\/mitawatertechnologies.com\/fr\/traitements-primaires\/#breadcrumb\"},\"inLanguage\":\"fr-FR\",\"potentialAction\":[{\"@type\":\"ReadAction\",\"target\":[\"https:\/\/mitawatertechnologies.com\/fr\/traitements-primaires\/\"]}]},{\"@type\":\"ImageObject\",\"inLanguage\":\"fr-FR\",\"@id\":\"https:\/\/mitawatertechnologies.com\/fr\/traitements-primaires\/#primaryimage\",\"url\":\"https:\/\/mitawatertechnologies.com\/wp-content\/uploads\/2023\/11\/Trattamenti-Primari-Acque-Reflue.jpg\",\"contentUrl\":\"https:\/\/mitawatertechnologies.com\/wp-content\/uploads\/2023\/11\/Trattamenti-Primari-Acque-Reflue.jpg\",\"width\":1920,\"height\":1080,\"caption\":\"Trattamenti Primari Acque Reflue\"},{\"@type\":\"BreadcrumbList\",\"@id\":\"https:\/\/mitawatertechnologies.com\/fr\/traitements-primaires\/#breadcrumb\",\"itemListElement\":[{\"@type\":\"ListItem\",\"position\":1,\"name\":\"Home\",\"item\":\"https:\/\/mitawatertechnologies.com\/fr\/\"},{\"@type\":\"ListItem\",\"position\":2,\"name\":\"Traitements primaires\"}]},{\"@type\":\"WebSite\",\"@id\":\"https:\/\/mitawatertechnologies.com\/fr\/#website\",\"url\":\"https:\/\/mitawatertechnologies.com\/fr\/\",\"name\":\"MITA Water Technologies\",\"description\":\"Il tuo progetto di refrigerazione industriale\",\"potentialAction\":[{\"@type\":\"SearchAction\",\"target\":{\"@type\":\"EntryPoint\",\"urlTemplate\":\"https:\/\/mitawatertechnologies.com\/fr\/?s={search_term_string}\"},\"query-input\":{\"@type\":\"PropertyValueSpecification\",\"valueRequired\":true,\"valueName\":\"search_term_string\"}}],\"inLanguage\":\"fr-FR\"}]}<\/script>\n<!-- \/ Yoast SEO plugin. -->","yoast_head_json":{"title":"Traitements primaires - MITA Water Technologies","description":"Les traitements primaires (tels que le dessablage, le d\u00e9shuilage et la d\u00e9cantation) sont charg\u00e9s d'\u00e9liminer les \u00e9l\u00e9ments \"grossiers\" de l'effluent.","robots":{"index":"index","follow":"follow","max-snippet":"max-snippet:-1","max-image-preview":"max-image-preview:large","max-video-preview":"max-video-preview:-1"},"canonical":"https:\/\/mitawatertechnologies.com\/fr\/traitements-primaires\/","og_locale":"fr_FR","og_type":"article","og_title":"Traitements primaires - MITA Water Technologies","og_description":"Les traitements primaires (tels que le dessablage, le d\u00e9shuilage et la d\u00e9cantation) sont charg\u00e9s d'\u00e9liminer les \u00e9l\u00e9ments \"grossiers\" de l'effluent.","og_url":"https:\/\/mitawatertechnologies.com\/fr\/traitements-primaires\/","og_site_name":"MITA Water Technologies","article_modified_time":"2023-12-18T09:47:54+00:00","og_image":[{"width":1920,"height":1080,"url":"https:\/\/mitawatertechnologies.com\/wp-content\/uploads\/2023\/11\/Trattamenti-Primari-Acque-Reflue.jpg","type":"image\/jpeg"}],"twitter_card":"summary_large_image","schema":{"@context":"https:\/\/schema.org","@graph":[{"@type":"WebPage","@id":"https:\/\/mitawatertechnologies.com\/fr\/traitements-primaires\/","url":"https:\/\/mitawatertechnologies.com\/fr\/traitements-primaires\/","name":"Traitements primaires - MITA Water Technologies","isPartOf":{"@id":"https:\/\/mitawatertechnologies.com\/fr\/#website"},"primaryImageOfPage":{"@id":"https:\/\/mitawatertechnologies.com\/fr\/traitements-primaires\/#primaryimage"},"image":{"@id":"https:\/\/mitawatertechnologies.com\/fr\/traitements-primaires\/#primaryimage"},"thumbnailUrl":"https:\/\/mitawatertechnologies.com\/wp-content\/uploads\/2023\/11\/Trattamenti-Primari-Acque-Reflue.jpg","datePublished":"2023-11-06T14:41:08+00:00","dateModified":"2023-12-18T09:47:54+00:00","description":"Les traitements primaires (tels que le dessablage, le d\u00e9shuilage et la d\u00e9cantation) sont charg\u00e9s d'\u00e9liminer les \u00e9l\u00e9ments \"grossiers\" de l'effluent.","breadcrumb":{"@id":"https:\/\/mitawatertechnologies.com\/fr\/traitements-primaires\/#breadcrumb"},"inLanguage":"fr-FR","potentialAction":[{"@type":"ReadAction","target":["https:\/\/mitawatertechnologies.com\/fr\/traitements-primaires\/"]}]},{"@type":"ImageObject","inLanguage":"fr-FR","@id":"https:\/\/mitawatertechnologies.com\/fr\/traitements-primaires\/#primaryimage","url":"https:\/\/mitawatertechnologies.com\/wp-content\/uploads\/2023\/11\/Trattamenti-Primari-Acque-Reflue.jpg","contentUrl":"https:\/\/mitawatertechnologies.com\/wp-content\/uploads\/2023\/11\/Trattamenti-Primari-Acque-Reflue.jpg","width":1920,"height":1080,"caption":"Trattamenti Primari Acque Reflue"},{"@type":"BreadcrumbList","@id":"https:\/\/mitawatertechnologies.com\/fr\/traitements-primaires\/#breadcrumb","itemListElement":[{"@type":"ListItem","position":1,"name":"Home","item":"https:\/\/mitawatertechnologies.com\/fr\/"},{"@type":"ListItem","position":2,"name":"Traitements primaires"}]},{"@type":"WebSite","@id":"https:\/\/mitawatertechnologies.com\/fr\/#website","url":"https:\/\/mitawatertechnologies.com\/fr\/","name":"MITA Water Technologies","description":"Il tuo progetto di refrigerazione industriale","potentialAction":[{"@type":"SearchAction","target":{"@type":"EntryPoint","urlTemplate":"https:\/\/mitawatertechnologies.com\/fr\/?s={search_term_string}"},"query-input":{"@type":"PropertyValueSpecification","valueRequired":true,"valueName":"search_term_string"}}],"inLanguage":"fr-FR"}]}},"_links":{"self":[{"href":"https:\/\/mitawatertechnologies.com\/fr\/wp-json\/wp\/v2\/pages\/21824","targetHints":{"allow":["GET"]}}],"collection":[{"href":"https:\/\/mitawatertechnologies.com\/fr\/wp-json\/wp\/v2\/pages"}],"about":[{"href":"https:\/\/mitawatertechnologies.com\/fr\/wp-json\/wp\/v2\/types\/page"}],"author":[{"embeddable":true,"href":"https:\/\/mitawatertechnologies.com\/fr\/wp-json\/wp\/v2\/users\/11"}],"replies":[{"embeddable":true,"href":"https:\/\/mitawatertechnologies.com\/fr\/wp-json\/wp\/v2\/comments?post=21824"}],"version-history":[{"count":3,"href":"https:\/\/mitawatertechnologies.com\/fr\/wp-json\/wp\/v2\/pages\/21824\/revisions"}],"predecessor-version":[{"id":23956,"href":"https:\/\/mitawatertechnologies.com\/fr\/wp-json\/wp\/v2\/pages\/21824\/revisions\/23956"}],"wp:featuredmedia":[{"embeddable":true,"href":"https:\/\/mitawatertechnologies.com\/fr\/wp-json\/wp\/v2\/media\/21803"}],"wp:attachment":[{"href":"https:\/\/mitawatertechnologies.com\/fr\/wp-json\/wp\/v2\/media?parent=21824"}],"curies":[{"name":"wp","href":"https:\/\/api.w.org\/{rel}","templated":true}]}}